{"id":7,"date":"2025-08-08T18:55:23","date_gmt":"2025-08-08T18:55:23","guid":{"rendered":"https:\/\/lagarsancha.pt\/?page_id=7"},"modified":"2025-12-21T13:51:55","modified_gmt":"2025-12-21T13:51:55","slug":"homepage","status":"publish","type":"page","link":"https:\/\/lagarsancha.pt\/fr\/","title":{"rendered":"Homepage"},"content":{"rendered":"<div data-elementor-type=\"wp-page\" data-elementor-id=\"7\" class=\"elementor elementor-7\" data-elementor-post-type=\"page\">\n\t\t\t\t<div class=\"elementor-element elementor-element-0270a2d e-con-full e-flex wpr-particle-no wpr-jarallax-no wpr-parallax-no wpr-sticky-section-no e-con e-parent\" data-id=\"0270a2d\" data-element_type=\"container\" data-settings=\"{&quot;background_background&quot;:&quot;video&quot;,&quot;background_video_link&quot;:&quot;https:\\\/\\\/lagarsancha.pt\\\/wp-content\\\/uploads\\\/2025\\\/08\\\/8397447-sd_640_338_25fps.mp4&quot;,&quot;background_play_on_mobile&quot;:&quot;yes&quot;}\">\n\t\t<div class=\"elementor-background-video-container\" aria-hidden=\"true\">\n\t\t\t\t\t\t\t<video class=\"elementor-background-video-hosted\" autoplay muted playsinline loop><\/video>\n\t\t\t\t\t<\/div>\t\t<div class=\"elementor-element elementor-element-acf0065 elementor-widget elementor-widget-heading\" data-id=\"acf0065\" data-element_type=\"widget\" data-widget_type=\"heading.default\">\n\t\t\t\t\t<h2 class=\"elementor-heading-title elementor-size-default\">Produire les meilleurs produits que <br>la natureza a \u00e0 offrir.<\/h2>\t\t\t\t<\/div>\n\t\t\t\t<div class=\"elementor-element elementor-element-1dc674e elementor-widget-mobile__width-initial elementor-widget elementor-widget-text-editor\" data-id=\"1dc674e\" data-element_type=\"widget\" data-widget_type=\"text-editor.default\">\n\t\t\t\t\t\t\t\t\t<p>Production traditionnelle d'huile d'olive du c\u0153ur du Portugal.<\/p>\t\t\t\t\t\t\t\t<\/div>\n\t\t\t\t<div class=\"elementor-element elementor-element-d24c0c8 premium-lq__none elementor-widget elementor-widget-premium-addon-button\" data-id=\"d24c0c8\" data-element_type=\"widget\" data-widget_type=\"premium-addon-button.default\">\n\t\t\t\t\t\n\n\t\t<a class=\"premium-button premium-button-style1 premium-btn-lg premium-button-style1-top\" href=\"https:\/\/lagarsancha.pt\/fr\/contactos\/\">\n\t\t\t<div class=\"premium-button-text-icon-wrapper\">\n\t\t\t\t\n\t\t\t\t\t\t\t\t\t\t\t\t\t\t\t\t\t\t\t\t\t\t\t\t\t\t\t\t\t\t\t\t\t\n\t\t\t\t\t\t\t\t\t<span >\n\t\t\t\t\t\tR\u00e9server une visite\t\t\t\t\t<\/span>\n\t\t\t\t\n\t\t\t\t\t\t\t\t\t\t\t\t\t\t\t\t<\/div>\n\n\t\t\t\n\t\t\t\n\t\t\t\n\t\t<\/a>\n\n\n\t\t\t\t\t\t<\/div>\n\t\t\t\t<\/div>\n\t\t<div class=\"elementor-element elementor-element-d3765a4 e-con-full e-flex wpr-particle-no wpr-jarallax-no wpr-parallax-no wpr-sticky-section-no e-con e-parent\" data-id=\"d3765a4\" data-element_type=\"container\">\n\t\t<div class=\"elementor-element elementor-element-6095060 e-flex e-con-boxed wpr-particle-no wpr-jarallax-no wpr-parallax-no wpr-sticky-section-no e-con e-child\" data-id=\"6095060\" data-element_type=\"container\">\n\t\t\t\t\t<div class=\"e-con-inner\">\n\t\t\t\t<div class=\"elementor-element elementor-element-5b1a479 elementor-widget elementor-widget-heading\" data-id=\"5b1a479\" data-element_type=\"widget\" data-widget_type=\"heading.default\">\n\t\t\t\t\t<h2 class=\"elementor-heading-title elementor-size-default\">Notre<br>&nbsp;&nbsp;&nbsp;Histoire<\/h2>\t\t\t\t<\/div>\n\t\t\t\t<div class=\"elementor-element elementor-element-816f775 elementor-widget elementor-widget-image\" data-id=\"816f775\" data-element_type=\"widget\" data-widget_type=\"image.default\">\n\t\t\t\t\t\t\t\t\t\t\t\t\t\t\t<img fetchpriority=\"high\" decoding=\"async\" width=\"640\" height=\"480\" src=\"https:\/\/lagarsancha.pt\/wp-content\/uploads\/2025\/08\/DSC02483.jpg\" class=\"attachment-large size-large wp-image-202\" alt=\"\" srcset=\"https:\/\/lagarsancha.pt\/wp-content\/uploads\/2025\/08\/DSC02483.jpg 640w, https:\/\/lagarsancha.pt\/wp-content\/uploads\/2025\/08\/DSC02483-300x225.jpg 300w\" sizes=\"(max-width: 640px) 100vw, 640px\" \/>\t\t\t\t\t\t\t\t\t\t\t\t\t\t\t<\/div>\n\t\t\t\t\t<\/div>\n\t\t\t\t<\/div>\n\t\t<div class=\"elementor-element elementor-element-dce4021 e-flex e-con-boxed wpr-particle-no wpr-jarallax-no wpr-parallax-no wpr-sticky-section-no e-con e-child\" data-id=\"dce4021\" data-element_type=\"container\">\n\t\t\t\t\t<div class=\"e-con-inner\">\n\t\t\t\t<div class=\"elementor-element elementor-element-41a3fab elementor-hidden-tablet elementor-hidden-mobile elementor-widget elementor-widget-heading\" data-id=\"41a3fab\" data-element_type=\"widget\" data-widget_type=\"heading.default\">\n\t\t\t\t\t<h2 class=\"elementor-heading-title elementor-size-default\">Notre<br>&nbsp;&nbsp;&nbsp;Histoire<\/h2>\t\t\t\t<\/div>\n\t\t\t\t<div class=\"elementor-element elementor-element-ef3ae49 elementor-widget elementor-widget-heading\" data-id=\"ef3ae49\" data-element_type=\"widget\" data-widget_type=\"heading.default\">\n\t\t\t\t\t<h2 class=\"elementor-heading-title elementor-size-default\">\u00c0 Propos de Nous<\/h2>\t\t\t\t<\/div>\n\t\t\t\t<div class=\"elementor-element elementor-element-953cbf4 elementor-widget elementor-widget-text-editor\" data-id=\"953cbf4\" data-element_type=\"widget\" data-widget_type=\"text-editor.default\">\n\t\t\t\t\t\t\t\t\t<p><b>Lagar da Sancha, \u00e9 a marca do azeite por n\u00f3s produzido e comercializado, feito das nossas azeitonas com a dedica\u00e7\u00e3o de quem faz bem e gosta do que faz.<\/b> A rela\u00e7\u00e3o directa com o cliente \u00e9 a melhor garantia de pureza e de qualidade do azeite produzido e comercializado por esta empresa.<br \/>Os olivais do\u00a0Lagar da Sancha\u00a0situa-se no Concelho de Sabrosa, no Distrito de Vila Real. Esta localiza\u00e7\u00e3o \u00e9 uma zona geogr\u00e1fica de excel\u00eancia para produ\u00e7\u00e3o de azeite e de vinho.<\/p>\t\t\t\t\t\t\t\t<\/div>\n\t\t\t\t<div class=\"elementor-element elementor-element-273f1ee premium-lq__none elementor-widget elementor-widget-premium-addon-button\" data-id=\"273f1ee\" data-element_type=\"widget\" data-widget_type=\"premium-addon-button.default\">\n\t\t\t\t\t\n\n\t\t<a class=\"premium-button premium-button-style1 premium-btn-lg premium-button-style1-top\" href=\"https:\/\/lagarsancha.pt\/fr\/sobre-nos\/\">\n\t\t\t<div class=\"premium-button-text-icon-wrapper\">\n\t\t\t\t\n\t\t\t\t\t\t\t\t\t<span >\n\t\t\t\t\t\tEn savoir plus\t\t\t\t\t<\/span>\n\t\t\t\t\n\t\t\t\t\t\t\t<\/div>\n\n\t\t\t\n\t\t\t\n\t\t\t\n\t\t<\/a>\n\n\n\t\t\t\t\t\t<\/div>\n\t\t\t\t\t<\/div>\n\t\t\t\t<\/div>\n\t\t\t\t<\/div>\n\t\t<div class=\"elementor-element elementor-element-dd47e78 e-con-full e-flex wpr-particle-no wpr-jarallax-no wpr-parallax-no wpr-sticky-section-no e-con e-parent\" data-id=\"dd47e78\" data-element_type=\"container\">\n\t\t\t\t<div class=\"elementor-element elementor-element-eaacc77 elementor-widget elementor-widget-image-carousel\" data-id=\"eaacc77\" data-element_type=\"widget\" data-settings=\"{&quot;slides_to_show&quot;:&quot;3&quot;,&quot;slides_to_scroll&quot;:&quot;1&quot;,&quot;navigation&quot;:&quot;none&quot;,&quot;autoplay_speed&quot;:5020,&quot;speed&quot;:530,&quot;autoplay&quot;:&quot;yes&quot;,&quot;infinite&quot;:&quot;yes&quot;,&quot;image_spacing_custom&quot;:{&quot;unit&quot;:&quot;px&quot;,&quot;size&quot;:20,&quot;sizes&quot;:[]},&quot;image_spacing_custom_tablet&quot;:{&quot;unit&quot;:&quot;px&quot;,&quot;size&quot;:&quot;&quot;,&quot;sizes&quot;:[]},&quot;image_spacing_custom_mobile&quot;:{&quot;unit&quot;:&quot;px&quot;,&quot;size&quot;:&quot;&quot;,&quot;sizes&quot;:[]}}\" data-widget_type=\"image-carousel.default\">\n\t\t\t\t\t\t\t<div class=\"elementor-image-carousel-wrapper swiper\" role=\"region\" aria-roledescription=\"carousel\" aria-label=\"Carrossel de imagens\" dir=\"ltr\">\n\t\t\t<div class=\"elementor-image-carousel swiper-wrapper\" aria-live=\"off\">\n\t\t\t\t\t\t\t\t<div class=\"swiper-slide\" role=\"group\" aria-roledescription=\"slide\" aria-label=\"1 of 6\"><figure class=\"swiper-slide-inner\"><img decoding=\"async\" class=\"swiper-slide-image\" src=\"https:\/\/lagarsancha.pt\/wp-content\/uploads\/2025\/08\/oo.jpg\" alt=\"oo\" \/><\/figure><\/div><div class=\"swiper-slide\" role=\"group\" aria-roledescription=\"slide\" aria-label=\"2 of 6\"><figure class=\"swiper-slide-inner\"><img decoding=\"async\" class=\"swiper-slide-image\" src=\"https:\/\/lagarsancha.pt\/wp-content\/uploads\/2025\/08\/83E17D5B-7A03-4D83-BC95-216E54B1CDBD.jpg\" alt=\"83E17D5B-7A03-4D83-BC95-216E54B1CDBD\" \/><\/figure><\/div><div class=\"swiper-slide\" role=\"group\" aria-roledescription=\"slide\" aria-label=\"3 of 6\"><figure class=\"swiper-slide-inner\"><img decoding=\"async\" class=\"swiper-slide-image\" src=\"https:\/\/lagarsancha.pt\/wp-content\/uploads\/2025\/08\/013.jpg\" alt=\"013\" \/><\/figure><\/div><div class=\"swiper-slide\" role=\"group\" aria-roledescription=\"slide\" aria-label=\"4 of 6\"><figure class=\"swiper-slide-inner\"><img decoding=\"async\" class=\"swiper-slide-image\" src=\"https:\/\/lagarsancha.pt\/wp-content\/uploads\/2025\/08\/DSC02483-1.jpg\" alt=\"DSC02483 1\" \/><\/figure><\/div><div class=\"swiper-slide\" role=\"group\" aria-roledescription=\"slide\" aria-label=\"5 of 6\"><figure class=\"swiper-slide-inner\"><img decoding=\"async\" class=\"swiper-slide-image\" src=\"https:\/\/lagarsancha.pt\/wp-content\/uploads\/2025\/08\/209094900_295210489018200_847288658362952218_n.jpg\" alt=\"209094900_295210489018200_847288658362952218_n\" \/><\/figure><\/div><div class=\"swiper-slide\" role=\"group\" aria-roledescription=\"slide\" aria-label=\"6 of 6\"><figure class=\"swiper-slide-inner\"><img decoding=\"async\" class=\"swiper-slide-image\" src=\"https:\/\/lagarsancha.pt\/wp-content\/uploads\/2025\/08\/received_609249934081178-1.jpg\" alt=\"received_609249934081178 (1)\" \/><\/figure><\/div>\t\t\t<\/div>\n\t\t\t\t\t\t\t\n\t\t\t\t\t\t\t\t\t<\/div>\n\t\t\t\t\t\t<\/div>\n\t\t\t\t<\/div>\n\t\t<div class=\"elementor-element elementor-element-3fc87a5 e-con-full e-flex wpr-particle-no wpr-jarallax-no wpr-parallax-no wpr-sticky-section-no e-con e-parent\" data-id=\"3fc87a5\" data-element_type=\"container\">\n\t\t<div class=\"elementor-element elementor-element-d749d51 e-flex e-con-boxed wpr-particle-no wpr-jarallax-no wpr-parallax-no wpr-sticky-section-no e-con e-child\" data-id=\"d749d51\" data-element_type=\"container\">\n\t\t\t\t\t<div class=\"e-con-inner\">\n\t\t\t\t<div class=\"elementor-element elementor-element-e05a6f1 elementor-widget elementor-widget-image\" data-id=\"e05a6f1\" data-element_type=\"widget\" data-widget_type=\"image.default\">\n\t\t\t\t\t\t\t\t\t\t\t\t\t\t\t<img decoding=\"async\" width=\"800\" height=\"534\" src=\"https:\/\/lagarsancha.pt\/wp-content\/uploads\/2025\/08\/FB_IMG_1756283857027-1024x683.jpg\" class=\"attachment-large size-large wp-image-785\" alt=\"\" srcset=\"https:\/\/lagarsancha.pt\/wp-content\/uploads\/2025\/08\/FB_IMG_1756283857027-1024x683.jpg 1024w, https:\/\/lagarsancha.pt\/wp-content\/uploads\/2025\/08\/FB_IMG_1756283857027-300x200.jpg 300w, https:\/\/lagarsancha.pt\/wp-content\/uploads\/2025\/08\/FB_IMG_1756283857027-768x512.jpg 768w, https:\/\/lagarsancha.pt\/wp-content\/uploads\/2025\/08\/FB_IMG_1756283857027-1536x1024.jpg 1536w, https:\/\/lagarsancha.pt\/wp-content\/uploads\/2025\/08\/FB_IMG_1756283857027.jpg 2048w\" sizes=\"(max-width: 800px) 100vw, 800px\" \/>\t\t\t\t\t\t\t\t\t\t\t\t\t\t\t<\/div>\n\t\t\t\t\t<\/div>\n\t\t\t\t<\/div>\n\t\t<div class=\"elementor-element elementor-element-d287a71 e-flex e-con-boxed wpr-particle-no wpr-jarallax-no wpr-parallax-no wpr-sticky-section-no e-con e-child\" data-id=\"d287a71\" data-element_type=\"container\">\n\t\t\t\t\t<div class=\"e-con-inner\">\n\t\t\t\t<div class=\"elementor-element elementor-element-feff686 elementor-widget elementor-widget-heading\" data-id=\"feff686\" data-element_type=\"widget\" data-widget_type=\"heading.default\">\n\t\t\t\t\t<h2 class=\"elementor-heading-title elementor-size-default\">Lagar da Sancha<\/h2>\t\t\t\t<\/div>\n\t\t\t\t<div class=\"elementor-element elementor-element-a7f6f56 elementor-widget elementor-widget-heading\" data-id=\"a7f6f56\" data-element_type=\"widget\" data-widget_type=\"heading.default\">\n\t\t\t\t\t<h2 class=\"elementor-heading-title elementor-size-default\">Huile d'Olive Vierge Extra<\/h2>\t\t\t\t<\/div>\n\t\t\t\t<div class=\"elementor-element elementor-element-38c4f3b elementor-widget elementor-widget-text-editor\" data-id=\"38c4f3b\" data-element_type=\"widget\" data-widget_type=\"text-editor.default\">\n\t\t\t\t\t\t\t\t\t<p><b>A excel\u00eancia natural do Douro est\u00e1 na sua geografia e microclima. A nossa\u00a0 paix\u00e3o, que se traduz no carinho e dedica\u00e7\u00e3o que temos por aquilo que produzimos, d\u00e1-nos a capacidade de termos produtos finais de uma qualidade superior. Os nossos clientes e visitantes merecem.<\/b><\/p>\t\t\t\t\t\t\t\t<\/div>\n\t\t\t\t<div class=\"elementor-element elementor-element-20e915c premium-lq__none elementor-widget elementor-widget-premium-addon-button\" data-id=\"20e915c\" data-element_type=\"widget\" data-widget_type=\"premium-addon-button.default\">\n\t\t\t\t\t\n\n\t\t<a class=\"premium-button premium-button-style1 premium-btn-lg premium-button-style1-top\" href=\"https:\/\/lagarsancha.pt\/fr\/produtos\/\">\n\t\t\t<div class=\"premium-button-text-icon-wrapper\">\n\t\t\t\t\n\t\t\t\t\t\t\t\t\t<span >\n\t\t\t\t\t\tVoir les produits\t\t\t\t\t<\/span>\n\t\t\t\t\n\t\t\t\t\t\t\t<\/div>\n\n\t\t\t\n\t\t\t\n\t\t\t\n\t\t<\/a>\n\n\n\t\t\t\t\t\t<\/div>\n\t\t\t\t\t<\/div>\n\t\t\t\t<\/div>\n\t\t\t\t<\/div>\n\t\t<div class=\"elementor-element elementor-element-c8752c4 e-con-full e-flex wpr-particle-no wpr-jarallax-no wpr-parallax-no wpr-sticky-section-no e-con e-parent\" data-id=\"c8752c4\" data-element_type=\"container\" data-settings=\"{&quot;background_background&quot;:&quot;video&quot;,&quot;background_video_link&quot;:&quot;\\\/\\\/lagarsancha.pt\\\/wp-content\\\/uploads\\\/2025\\\/08\\\/10636142-sd_960_540_30fps.mp4&quot;,&quot;background_play_on_mobile&quot;:&quot;yes&quot;}\">\n\t\t<div class=\"elementor-background-video-container\" aria-hidden=\"true\">\n\t\t\t\t\t\t\t<video class=\"elementor-background-video-hosted\" autoplay muted playsinline loop><\/video>\n\t\t\t\t\t<\/div>\t\t<\/div>\n\t\t<div class=\"elementor-element elementor-element-55df507 e-con-full e-flex wpr-particle-no wpr-jarallax-no wpr-parallax-no wpr-sticky-section-no e-con e-parent\" data-id=\"55df507\" data-element_type=\"container\">\n\t\t<div class=\"elementor-element elementor-element-09f57cc e-flex e-con-boxed wpr-particle-no wpr-jarallax-no wpr-parallax-no wpr-sticky-section-no e-con e-child\" data-id=\"09f57cc\" data-element_type=\"container\">\n\t\t\t\t\t<div class=\"e-con-inner\">\n\t\t\t\t<div class=\"elementor-element elementor-element-5669501 elementor-widget elementor-widget-heading\" data-id=\"5669501\" data-element_type=\"widget\" data-widget_type=\"heading.default\">\n\t\t\t\t\t<h2 class=\"elementor-heading-title elementor-size-default translation-block\">\u00c0 propos de nos <br> Visites!<\/h2>\t\t\t\t<\/div>\n\t\t\t\t<div class=\"elementor-element elementor-element-66a07dc elementor-pagination-position-outside elementor-widget elementor-widget-image-carousel\" data-id=\"66a07dc\" data-element_type=\"widget\" data-settings=\"{&quot;slides_to_show&quot;:&quot;1&quot;,&quot;navigation&quot;:&quot;dots&quot;,&quot;autoplay&quot;:&quot;yes&quot;,&quot;pause_on_hover&quot;:&quot;yes&quot;,&quot;pause_on_interaction&quot;:&quot;yes&quot;,&quot;autoplay_speed&quot;:5000,&quot;infinite&quot;:&quot;yes&quot;,&quot;effect&quot;:&quot;slide&quot;,&quot;speed&quot;:500}\" data-widget_type=\"image-carousel.default\">\n\t\t\t\t\t\t\t<div class=\"elementor-image-carousel-wrapper swiper\" role=\"region\" aria-roledescription=\"carousel\" aria-label=\"Carrossel de imagens\" dir=\"ltr\">\n\t\t\t<div class=\"elementor-image-carousel swiper-wrapper swiper-image-stretch\" aria-live=\"off\">\n\t\t\t\t\t\t\t\t<div class=\"swiper-slide\" role=\"group\" aria-roledescription=\"slide\" aria-label=\"1 of 2\"><figure class=\"swiper-slide-inner\"><img decoding=\"async\" class=\"swiper-slide-image\" src=\"https:\/\/lagarsancha.pt\/wp-content\/uploads\/2025\/08\/013.jpg\" alt=\"013\" \/><\/figure><\/div><div class=\"swiper-slide\" role=\"group\" aria-roledescription=\"slide\" aria-label=\"2 of 2\"><figure class=\"swiper-slide-inner\"><img decoding=\"async\" class=\"swiper-slide-image\" src=\"https:\/\/lagarsancha.pt\/wp-content\/uploads\/2025\/08\/209094900_295210489018200_847288658362952218_n.jpg\" alt=\"209094900_295210489018200_847288658362952218_n\" \/><\/figure><\/div>\t\t\t<\/div>\n\t\t\t\t\t\t\t\n\t\t\t\t\t\t\t\t\t<div class=\"swiper-pagination\"><\/div>\n\t\t\t\t\t\t\t\t\t<\/div>\n\t\t\t\t\t\t<\/div>\n\t\t\t\t\t<\/div>\n\t\t\t\t<\/div>\n\t\t<div class=\"elementor-element elementor-element-952a2b8 e-flex e-con-boxed wpr-particle-no wpr-jarallax-no wpr-parallax-no wpr-sticky-section-no e-con e-child\" data-id=\"952a2b8\" data-element_type=\"container\">\n\t\t\t\t\t<div class=\"e-con-inner\">\n\t\t\t\t<div class=\"elementor-element elementor-element-6e33b9f elementor-hidden-tablet elementor-hidden-mobile elementor-widget elementor-widget-heading\" data-id=\"6e33b9f\" data-element_type=\"widget\" data-widget_type=\"heading.default\">\n\t\t\t\t\t<h2 class=\"elementor-heading-title elementor-size-default\">Notre<br>&nbsp;&nbsp;&nbsp;Histoire<\/h2>\t\t\t\t<\/div>\n\t\t\t\t<div class=\"elementor-element elementor-element-5c83e94 elementor-widget elementor-widget-heading\" data-id=\"5c83e94\" data-element_type=\"widget\" data-widget_type=\"heading.default\">\n\t\t\t\t\t<h2 class=\"elementor-heading-title elementor-size-default\">Exp\u00e9riences et Visites<\/h2>\t\t\t\t<\/div>\n\t\t\t\t<div class=\"elementor-element elementor-element-f6b3c78 elementor-widget elementor-widget-text-editor\" data-id=\"f6b3c78\" data-element_type=\"widget\" data-widget_type=\"text-editor.default\">\n\t\t\t\t\t\t\t\t\t<p>Participez \u00e0 une visite guid\u00e9e du monde de l'huile d'olive. D\u00e9couvrez l'ensemble du processus de production et comment l'huile d'olive Monterosa est extraite gr\u00e2ce \u00e0 une visite guid\u00e9e de l'oliveraie et du moulin, accompagn\u00e9e d'une d\u00e9gustation d'huiles d'olive Premium, la seule fa\u00e7on de comparer nos vari\u00e9t\u00e9s et d'appr\u00e9cier leurs qualit\u00e9s.<\/p><p class=\"translation-block\">Visites Exclusives<br>Afin de garantir une exp\u00e9rience personnalis\u00e9e et confortable, nos visites sont r\u00e9alis\u00e9es en petits groupes \u2014 un maximum de 6 personnes \u2014 ce qui permet le transport dans notre jeep et un contact plus \u00e9troit avec le guide et l'environnement. <br><br>Dur\u00e9e de l'activit\u00e9 : environ 75 minutes.<\/p>\t\t\t\t\t\t\t\t<\/div>\n\t\t\t\t<div class=\"elementor-element elementor-element-1d3ab36 premium-lq__none elementor-widget elementor-widget-premium-addon-button\" data-id=\"1d3ab36\" data-element_type=\"widget\" data-widget_type=\"premium-addon-button.default\">\n\t\t\t\t\t\n\n\t\t<a class=\"premium-button premium-button-style1 premium-btn-lg premium-button-style1-top\" href=\"https:\/\/lagarsancha.pt\/fr\/experiencias\/\">\n\t\t\t<div class=\"premium-button-text-icon-wrapper\">\n\t\t\t\t\n\t\t\t\t\t\t\t\t\t<span >\n\t\t\t\t\t\tR\u00e9server maintenant\t\t\t\t\t<\/span>\n\t\t\t\t\n\t\t\t\t\t\t\t<\/div>\n\n\t\t\t\n\t\t\t\n\t\t\t\n\t\t<\/a>\n\n\n\t\t\t\t\t\t<\/div>\n\t\t\t\t\t<\/div>\n\t\t\t\t<\/div>\n\t\t\t\t<\/div>\n\t\t\t\t<\/div>","protected":false},"excerpt":{"rendered":"<p>Fazer os melhores produtos que a natureza proporciona. Produ\u00e7\u00e3o tradicional de azeite do cora\u00e7\u00e3o de Portugal Agendar uma visita Nossa&nbsp;&nbsp;&nbsp;Hist\u00f3ria Nossa&nbsp;&nbsp;&nbsp;Hist\u00f3ria Sobre n\u00f3s Lagar da Sancha, \u00e9 a marca do azeite por n\u00f3s produzido e comercializado, feito das nossas azeitonas com a dedica\u00e7\u00e3o de quem faz bem e gosta do que faz. A rela\u00e7\u00e3o directa com o cliente \u00e9 a melhor garantia de pureza e de qualidade do azeite produzido e comercializado por esta empresa.Os olivais do\u00a0Lagar da Sancha\u00a0situa-se no Concelho de Sabrosa, no Distrito de Vila Real. Esta localiza\u00e7\u00e3o \u00e9 uma zona geogr\u00e1fica de excel\u00eancia para produ\u00e7\u00e3o de azeite e de vinho. Saber mais Lagar da Sancha Azeite Virgem Extra A excel\u00eancia natural do Douro est\u00e1 na sua geografia e microclima. A nossa\u00a0 paix\u00e3o, que se traduz no carinho e dedica\u00e7\u00e3o que temos por aquilo que produzimos, d\u00e1-nos a capacidade de termos produtos finais de uma qualidade superior. Os nossos clientes e visitantes merecem. Ver produtos Sobre as nossas Tours! Nossa&nbsp;&nbsp;&nbsp;Hist\u00f3ria Experi\u00eancias e Visitas Participe numa visita guiada pelo mundo do azeite.\u2028Fique a conhecer todo o processo de produ\u00e7\u00e3o e como \u00e9 extra\u00eddo o azeite Monterosa atrav\u00e9s de uma visita guiada pelo olival e lagar, acompanhada de uma degusta\u00e7\u00e3o de azeites Premium, a \u00fanica forma de comparar as nossas variedades e apreciar as suas qualidades.\u2028\u2028 Visitas ExclusivasPara garantir uma experi\u00eancia personalizada e confort\u00e1vel, os nossos tours s\u00e3o realizados em grupos reduzidos \u2014 m\u00e1ximo de 6 pessoas \u2014 permitindo o transporte no nosso jipe e um contacto mais pr\u00f3ximo com o guia e o ambiente.\u2028 Dura\u00e7\u00e3o da atividade: aproximadamente 75 minutos. Reserve agora<\/p>","protected":false},"author":1,"featured_media":0,"parent":0,"menu_order":0,"comment_status":"closed","ping_status":"closed","template":"","meta":{"footnotes":""},"class_list":["post-7","page","type-page","status-publish","hentry"],"_links":{"self":[{"href":"https:\/\/lagarsancha.pt\/fr\/wp-json\/wp\/v2\/pages\/7","targetHints":{"allow":["GET"]}}],"collection":[{"href":"https:\/\/lagarsancha.pt\/fr\/wp-json\/wp\/v2\/pages"}],"about":[{"href":"https:\/\/lagarsancha.pt\/fr\/wp-json\/wp\/v2\/types\/page"}],"author":[{"embeddable":true,"href":"https:\/\/lagarsancha.pt\/fr\/wp-json\/wp\/v2\/users\/1"}],"replies":[{"embeddable":true,"href":"https:\/\/lagarsancha.pt\/fr\/wp-json\/wp\/v2\/comments?post=7"}],"version-history":[{"count":311,"href":"https:\/\/lagarsancha.pt\/fr\/wp-json\/wp\/v2\/pages\/7\/revisions"}],"predecessor-version":[{"id":1063,"href":"https:\/\/lagarsancha.pt\/fr\/wp-json\/wp\/v2\/pages\/7\/revisions\/1063"}],"wp:attachment":[{"href":"https:\/\/lagarsancha.pt\/fr\/wp-json\/wp\/v2\/media?parent=7"}],"curies":[{"name":"wp","href":"https:\/\/api.w.org\/{rel}","templated":true}]}}