{"id":15,"date":"2025-08-09T17:23:42","date_gmt":"2025-08-09T17:23:42","guid":{"rendered":"https:\/\/lagarsancha.pt\/?page_id=15"},"modified":"2025-09-18T09:32:35","modified_gmt":"2025-09-18T09:32:35","slug":"sobre-nos","status":"publish","type":"page","link":"https:\/\/lagarsancha.pt\/en\/sobre-nos\/","title":{"rendered":"About us"},"content":{"rendered":"<div data-elementor-type=\"wp-page\" data-elementor-id=\"15\" class=\"elementor elementor-15\" data-elementor-post-type=\"page\">\n\t\t\t\t<div class=\"elementor-element elementor-element-0c0c87a e-con-full e-flex wpr-particle-no wpr-jarallax-no wpr-parallax-no wpr-sticky-section-no e-con e-parent\" data-id=\"0c0c87a\" data-element_type=\"container\" data-settings=\"{&quot;background_background&quot;:&quot;classic&quot;}\">\n\t\t\t\t<div class=\"elementor-element elementor-element-90317a7 elementor-widget elementor-widget-heading\" data-id=\"90317a7\" data-element_type=\"widget\" data-widget_type=\"heading.default\">\n\t\t\t\t\t<h2 class=\"elementor-heading-title elementor-size-default\">Who we are<\/h2>\t\t\t\t<\/div>\n\t\t\t\t<\/div>\n\t\t<div class=\"elementor-element elementor-element-c755aa1 e-con-full e-flex wpr-particle-no wpr-jarallax-no wpr-parallax-no wpr-sticky-section-no e-con e-parent\" data-id=\"c755aa1\" data-element_type=\"container\">\n\t\t\t\t<div class=\"elementor-element elementor-element-ce9a68f elementor-widget elementor-widget-heading\" data-id=\"ce9a68f\" data-element_type=\"widget\" data-widget_type=\"heading.default\">\n\t\t\t\t\t<h2 class=\"elementor-heading-title elementor-size-default\">The \u201cLagar da Sancha\u201d olive oil project began with an unforeseen passion from an entrepreneurial couple, who had completely different professional lives outside of olive growing and agriculture.\n<br><p><p>In a short space of time, they became the owners of a significant area of traditional olive groves, all located in the Douro Wine Region, in the Parish and Municipality of Sabrosa, within the Demarcated Region of Port Wine and in a stunning landscape of the Pinh\u00e3o River valley. The name \u201cSancha\u201d is related to the very old nomenclature of the area where the current approximately 2200 olive trees that are part of the property are located.<\/h2>\t\t\t\t<\/div>\n\t\t\t\t<\/div>\n\t\t<div class=\"elementor-element elementor-element-d378c7b e-con-full e-flex wpr-particle-no wpr-jarallax-no wpr-parallax-no wpr-sticky-section-no e-con e-parent\" data-id=\"d378c7b\" data-element_type=\"container\">\n\t\t<div class=\"elementor-element elementor-element-b47e9af e-con-full elementor-hidden-tablet elementor-hidden-mobile e-flex wpr-particle-no wpr-jarallax-no wpr-parallax-no wpr-sticky-section-no e-con e-child\" data-id=\"b47e9af\" data-element_type=\"container\">\n\t\t\t\t<div class=\"elementor-element elementor-element-5f39379 elementor-widget elementor-widget-image\" data-id=\"5f39379\" data-element_type=\"widget\" data-widget_type=\"image.default\">\n\t\t\t\t\t\t\t\t\t\t\t\t\t\t\t<img fetchpriority=\"high\" decoding=\"async\" width=\"800\" height=\"521\" src=\"https:\/\/lagarsancha.pt\/wp-content\/uploads\/2025\/08\/aaaa-1024x667.jpg\" class=\"attachment-large size-large wp-image-382\" alt=\"\" srcset=\"https:\/\/lagarsancha.pt\/wp-content\/uploads\/2025\/08\/aaaa-1024x667.jpg 1024w, https:\/\/lagarsancha.pt\/wp-content\/uploads\/2025\/08\/aaaa-300x195.jpg 300w, https:\/\/lagarsancha.pt\/wp-content\/uploads\/2025\/08\/aaaa-768x500.jpg 768w, https:\/\/lagarsancha.pt\/wp-content\/uploads\/2025\/08\/aaaa.jpg 1032w\" sizes=\"(max-width: 800px) 100vw, 800px\" \/>\t\t\t\t\t\t\t\t\t\t\t\t\t\t\t<\/div>\n\t\t\t\t<\/div>\n\t\t<div class=\"elementor-element elementor-element-4c66612 e-con-full elementor-hidden-tablet elementor-hidden-mobile e-flex wpr-particle-no wpr-jarallax-no wpr-parallax-no wpr-sticky-section-no e-con e-child\" data-id=\"4c66612\" data-element_type=\"container\">\n\t\t\t\t<div class=\"elementor-element elementor-element-fabf667 elementor-widget elementor-widget-image\" data-id=\"fabf667\" data-element_type=\"widget\" data-widget_type=\"image.default\">\n\t\t\t\t\t\t\t\t\t\t\t\t\t\t\t<img decoding=\"async\" width=\"800\" height=\"520\" src=\"https:\/\/lagarsancha.pt\/wp-content\/uploads\/2025\/08\/pexels-vesna-d-362337-981499-1-1024x666.jpg\" class=\"attachment-large size-large wp-image-384\" alt=\"\" srcset=\"https:\/\/lagarsancha.pt\/wp-content\/uploads\/2025\/08\/pexels-vesna-d-362337-981499-1-1024x666.jpg 1024w, https:\/\/lagarsancha.pt\/wp-content\/uploads\/2025\/08\/pexels-vesna-d-362337-981499-1-300x195.jpg 300w, https:\/\/lagarsancha.pt\/wp-content\/uploads\/2025\/08\/pexels-vesna-d-362337-981499-1-768x500.jpg 768w, https:\/\/lagarsancha.pt\/wp-content\/uploads\/2025\/08\/pexels-vesna-d-362337-981499-1.jpg 1033w\" sizes=\"(max-width: 800px) 100vw, 800px\" \/>\t\t\t\t\t\t\t\t\t\t\t\t\t\t\t<\/div>\n\t\t\t\t<\/div>\n\t\t\t\t<div class=\"elementor-element elementor-element-a840ce7 elementor-hidden-desktop elementor-pagination-position-outside elementor-widget elementor-widget-image-carousel\" data-id=\"a840ce7\" data-element_type=\"widget\" data-settings=\"{&quot;slides_to_show_mobile&quot;:&quot;1&quot;,&quot;navigation&quot;:&quot;dots&quot;,&quot;autoplay&quot;:&quot;yes&quot;,&quot;pause_on_hover&quot;:&quot;yes&quot;,&quot;pause_on_interaction&quot;:&quot;yes&quot;,&quot;autoplay_speed&quot;:5000,&quot;infinite&quot;:&quot;yes&quot;,&quot;speed&quot;:500}\" data-widget_type=\"image-carousel.default\">\n\t\t\t\t\t\t\t<div class=\"elementor-image-carousel-wrapper swiper\" role=\"region\" aria-roledescription=\"carousel\" aria-label=\"Carrossel de imagens\" dir=\"ltr\">\n\t\t\t<div class=\"elementor-image-carousel swiper-wrapper\" aria-live=\"off\">\n\t\t\t\t\t\t\t\t<div class=\"swiper-slide\" role=\"group\" aria-roledescription=\"slide\" aria-label=\"1 of 2\"><figure class=\"swiper-slide-inner\"><img decoding=\"async\" class=\"swiper-slide-image\" src=\"https:\/\/lagarsancha.pt\/wp-content\/uploads\/2025\/08\/aaaa.jpg\" alt=\"aaaa\" \/><\/figure><\/div><div class=\"swiper-slide\" role=\"group\" aria-roledescription=\"slide\" aria-label=\"2 of 2\"><figure class=\"swiper-slide-inner\"><img decoding=\"async\" class=\"swiper-slide-image\" src=\"https:\/\/lagarsancha.pt\/wp-content\/uploads\/2025\/08\/pexels-vesna-d-362337-981499-1.jpg\" alt=\"pexels-vesna-d-362337-981499 1\" \/><\/figure><\/div>\t\t\t<\/div>\n\t\t\t\t\t\t\t\n\t\t\t\t\t\t\t\t\t<div class=\"swiper-pagination\"><\/div>\n\t\t\t\t\t\t\t\t\t<\/div>\n\t\t\t\t\t\t<\/div>\n\t\t\t\t<\/div>\n\t\t<div class=\"elementor-element elementor-element-0840eeb e-con-full e-flex wpr-particle-no wpr-jarallax-no wpr-parallax-no wpr-sticky-section-no e-con e-parent\" data-id=\"0840eeb\" data-element_type=\"container\">\n\t\t<div class=\"elementor-element elementor-element-429d963 e-con-full e-flex wpr-particle-no wpr-jarallax-no wpr-parallax-no wpr-sticky-section-no e-con e-child\" data-id=\"429d963\" data-element_type=\"container\">\n\t\t\t\t<div class=\"elementor-element elementor-element-45b50d8 elementor-widget elementor-widget-heading\" data-id=\"45b50d8\" data-element_type=\"widget\" data-widget_type=\"heading.default\">\n\t\t\t\t\t<h2 class=\"elementor-heading-title elementor-size-default\">Our Mission<\/h2>\t\t\t\t<\/div>\n\t\t\t\t<div class=\"elementor-element elementor-element-c2007f8 elementor-widget elementor-widget-heading\" data-id=\"c2007f8\" data-element_type=\"widget\" data-widget_type=\"heading.default\">\n\t\t\t\t\t<h2 class=\"elementor-heading-title elementor-size-default\">To make the best products that nature provides.<\/h2>\t\t\t\t<\/div>\n\t\t\t\t<div class=\"elementor-element elementor-element-b13c426 elementor-widget elementor-widget-text-editor\" data-id=\"b13c426\" data-element_type=\"widget\" data-widget_type=\"text-editor.default\">\n\t\t\t\t\t\t\t\t\t<p>Our mission is simple yet ambitious: to transform what the land gives us in a natural, careful, and sustainable way, offering our customers a superior quality extra virgin olive oil. We value every stage of the process\u2014from the olive to your plate, from the bottle to your table\u2014to guarantee a product that respects nature and the Douro tradition.<\/p>\t\t\t\t\t\t\t\t<\/div>\n\t\t\t\t<\/div>\n\t\t\t\t<\/div>\n\t\t<div class=\"elementor-element elementor-element-6228426 e-con-full e-flex wpr-particle-no wpr-jarallax-no wpr-parallax-no wpr-sticky-section-no e-con e-parent\" data-id=\"6228426\" data-element_type=\"container\">\n\t\t<div class=\"elementor-element elementor-element-51cce08 e-con-full e-flex wpr-particle-no wpr-jarallax-no wpr-parallax-no wpr-sticky-section-no e-con e-child\" data-id=\"51cce08\" data-element_type=\"container\">\n\t\t\t\t<div class=\"elementor-element elementor-element-9006c74 elementor-widget elementor-widget-heading\" data-id=\"9006c74\" data-element_type=\"widget\" data-widget_type=\"heading.default\">\n\t\t\t\t\t<h2 class=\"elementor-heading-title elementor-size-default\">The Values That Guide Us<\/h2>\t\t\t\t<\/div>\n\t\t\t\t<div class=\"elementor-element elementor-element-8d4bfc9 elementor-widget elementor-widget-text-editor\" data-id=\"8d4bfc9\" data-element_type=\"widget\" data-widget_type=\"text-editor.default\">\n\t\t\t\t\t\t\t\t\t<p>At Lagar da Sancha, our values are the foundation of everything we do. We are committed to quality, always seeking to offer an irreproachable final product, crafted with rigor and passion. We believe in the importance of transparency, cultivating a direct and honest relationship with our customers. We have a profound respect for the land that gives us so much, and therefore, we practice conscious and responsible agriculture, guided by the principles of sustainability. We honour tradition, preserving ancestral production methods, while incorporating the best modern practices, in a harmonious combination of past and present that allows us to create a truly exceptional olive oil.<\/p>\t\t\t\t\t\t\t\t<\/div>\n\t\t\t\t<\/div>\n\t\t\t\t<\/div>\n\t\t<div class=\"elementor-element elementor-element-036ca3d e-con-full e-flex wpr-particle-no wpr-jarallax-no wpr-parallax-no wpr-sticky-section-no e-con e-parent\" data-id=\"036ca3d\" data-element_type=\"container\">\n\t\t<div class=\"elementor-element elementor-element-7f9ca50 e-con-full e-flex wpr-particle-no wpr-jarallax-no wpr-parallax-no wpr-sticky-section-no e-con e-child\" data-id=\"7f9ca50\" data-element_type=\"container\">\n\t\t\t\t<div class=\"elementor-element elementor-element-3113a69 elementor-widget elementor-widget-heading\" data-id=\"3113a69\" data-element_type=\"widget\" data-widget_type=\"heading.default\">\n\t\t\t\t\t<h2 class=\"elementor-heading-title elementor-size-default\">The Future We Want<\/h2>\t\t\t\t<\/div>\n\t\t\t\t<div class=\"elementor-element elementor-element-287998c elementor-widget elementor-widget-text-editor\" data-id=\"287998c\" data-element_type=\"widget\" data-widget_type=\"text-editor.default\">\n\t\t\t\t\t\t\t\t\t<p class=\"translation-block\">We want to continue to affirm Douro olive oil as a product of excellence, both inside and outside Portugal. Our goal is to grow sustainably, without ever losing the connection with the authenticity and know-how that defines us. We are committed to valuing the interior region, responsible innovation, and promoting our olive oil in national and international markets. The future of Lagar da Sancha is built on a commitment to the land, to the people, and to the quality that sets us apart.<\/p>\t\t\t\t\t\t\t\t<\/div>\n\t\t\t\t<\/div>\n\t\t\t\t<\/div>\n\t\t\t\t<\/div>","protected":false},"excerpt":{"rendered":"<p>Quem somos O projeto do azeite \u201cLagar da Sancha\u201d tem in\u00edcio numa paix\u00e3o imprevista por parte de um casal empreendedor, com vidas profissionais completamente diferentes e exteriores \u00e0 olivicultura e agricultura. Num curto espa\u00e7o de tempo, tornam-se propriet\u00e1rios de \u00e1rea razo\u00e1vel de olival tradicional, todo ele localizado no Douro Vinhateiro, na Freguesia e Concelho de Sabrosa, dentro da Regi\u00e3o Demarcada do Vinho do Porto e numa paisagem deslumbrante do vale do rio Pinh\u00e3o. O nome de \u201cSancha\u201d tem a ver com a muito antiga nomenclatura da zona onde se situam as atuais cerca de 2200 oliveiras que fazem parte da propriedade. A nossa missao Fazer os melhores produtos que a natureza proporciona. A nossa miss\u00e3o \u00e9 simples mas ambiciosa: transformar o que a terra nos d\u00e1 de forma natural, cuidadosa e sustent\u00e1vel, oferecendo aos nossos clientes um azeite virgem extra de qualidade superior. Valorizamos cada etapa do processo \u2014 da azeitona ao seu prato , da garrafa \u00e0 sua mesa \u2014 para garantir um produto que respeita a natureza e a tradi\u00e7\u00e3o duriense. Os valores que nos guiam No Lagar da Sancha, os nossos valores s\u00e3o o alicerce de tudo o que fazemos. Comprometemo-nos com a qualidade, procurando sempre oferecer um produto final irrepreens\u00edvel, elaborado com rigor e paix\u00e3o. Acreditamos na import\u00e2ncia da transpar\u00eancia, cultivando uma rela\u00e7\u00e3o direta e honesta com os nossos clientes. Temos um profundo respeito pela terra que nos d\u00e1 tanto e, por isso, praticamos uma agricultura consciente e respons\u00e1vel, guiada pelos princ\u00edpios da sustentabilidade. Honramos a tradi\u00e7\u00e3o, preservando os m\u00e9todos ancestrais de produ\u00e7\u00e3o, ao mesmo tempo que incorporamos as melhores pr\u00e1ticas modernas, numa combina\u00e7\u00e3o harmoniosa de passado e presente que nos permite criar um azeite verdadeiramente excecional. O futuro que queremos Queremos continuar a afirmar o azeite duriense como produto de excel\u00eancia, dentro e fora de Portugal. O nosso objetivo \u00e9 crescer de forma sustent\u00e1vel, sem nunca perder o v\u00ednculo com a autenticidade e o saber-fazer que nos define. Apostamos na valoriza\u00e7\u00e3o do interior, na inova\u00e7\u00e3o respons\u00e1vel e na promo\u00e7\u00e3o do nosso azeite em mercados nacionais e internacionais.O futuro do Lagar da Sancha \u00e9 feito de compromisso com a terra, com as pessoas e com a qualidade que nos distingue.<\/p>","protected":false},"author":1,"featured_media":0,"parent":0,"menu_order":0,"comment_status":"closed","ping_status":"closed","template":"","meta":{"footnotes":""},"class_list":["post-15","page","type-page","status-publish","hentry"],"_links":{"self":[{"href":"https:\/\/lagarsancha.pt\/en\/wp-json\/wp\/v2\/pages\/15","targetHints":{"allow":["GET"]}}],"collection":[{"href":"https:\/\/lagarsancha.pt\/en\/wp-json\/wp\/v2\/pages"}],"about":[{"href":"https:\/\/lagarsancha.pt\/en\/wp-json\/wp\/v2\/types\/page"}],"author":[{"embeddable":true,"href":"https:\/\/lagarsancha.pt\/en\/wp-json\/wp\/v2\/users\/1"}],"replies":[{"embeddable":true,"href":"https:\/\/lagarsancha.pt\/en\/wp-json\/wp\/v2\/comments?post=15"}],"version-history":[{"count":91,"href":"https:\/\/lagarsancha.pt\/en\/wp-json\/wp\/v2\/pages\/15\/revisions"}],"predecessor-version":[{"id":964,"href":"https:\/\/lagarsancha.pt\/en\/wp-json\/wp\/v2\/pages\/15\/revisions\/964"}],"wp:attachment":[{"href":"https:\/\/lagarsancha.pt\/en\/wp-json\/wp\/v2\/media?parent=15"}],"curies":[{"name":"wp","href":"https:\/\/api.w.org\/{rel}","templated":true}]}}